{"id":37,"date":"2021-10-01T12:02:32","date_gmt":"2021-10-01T10:02:32","guid":{"rendered":"https:\/\/foerderverein-schlossbergschule.de\/?page_id=37"},"modified":"2021-11-23T15:51:31","modified_gmt":"2021-11-23T14:51:31","slug":"mitgliedschaft","status":"publish","type":"page","link":"https:\/\/foerderverein-schlossbergschule.de\/index.php\/mitgliedschaft\/","title":{"rendered":"Mitgliedschaft"},"content":{"rendered":"\n<p><\/p>\n\n\n\n<h3 class=\"wp-block-heading\">Es braucht ein ganzes Dorf, um ein Kind zu erziehen!<\/h3>\n\n\n\n<p><strong>Sei dabei!<\/strong><\/p>\n\n\n\n<p>Wir freuen uns sehr dar\u00fcber, dass Du Teil des F\u00f6rdervereins der Schlossbergschule Gauangelloch werden m\u00f6chtest!<\/p>\n\n\n\n<p>Unter folgendem Link kannst Du die Mitgliedschaft beantragen. Vielen Dank daf\u00fcr!<\/p>\n\n\n\n<p><a href=\"https:\/\/foerderverein-schlossbergschule.verein.tools\/publicgroup\/51\" target=\"_blank\" rel=\"noreferrer noopener\"><strong>Mitgliedschaft online beantragen<\/strong><\/a><\/p>\n\n\n\n<p><a href=\"https:\/\/foerderverein-schlossbergschule.de\/wp-content\/uploads\/2021\/10\/Beitrittserklaerung_2021-10-xx-7.pdf\"><strong>Beitrittserkl\u00e4rung als Download [pdf \/ 2Seiten]<\/strong><\/a><\/p>\n\n\n\n<p><\/p>\n","protected":false},"excerpt":{"rendered":"<p>Es braucht ein ganzes Dorf, um ein Kind zu erziehen! Sei dabei! Wir freuen uns sehr dar\u00fcber, dass Du Teil&hellip;<\/p>\n","protected":false},"author":3,"featured_media":0,"parent":0,"menu_order":0,"comment_status":"closed","ping_status":"closed","template":"","meta":{"footnotes":""},"class_list":["post-37","page","type-page","status-publish","hentry"],"yoast_head":"<!-- This site is optimized with the Yoast SEO plugin v27.4 - https:\/\/yoast.com\/product\/yoast-seo-wordpress\/ -->\n<title>Mitgliedschaft - F\u00f6rderverein Schlossberg-Schule<\/title>\n<meta name=\"robots\" content=\"index, follow, max-snippet:-1, max-image-preview:large, max-video-preview:-1\" \/>\n<link rel=\"canonical\" href=\"https:\/\/foerderverein-schlossbergschule.de\/index.php\/mitgliedschaft\/\" \/>\n<meta property=\"og:locale\" content=\"de_DE\" \/>\n<meta property=\"og:type\" content=\"article\" \/>\n<meta property=\"og:title\" content=\"Mitgliedschaft - F\u00f6rderverein Schlossberg-Schule\" \/>\n<meta property=\"og:description\" content=\"Es braucht ein ganzes Dorf, um ein Kind zu erziehen! Sei dabei! Wir freuen uns sehr dar\u00fcber, dass Du Teil&hellip;\" \/>\n<meta property=\"og:url\" content=\"https:\/\/foerderverein-schlossbergschule.de\/index.php\/mitgliedschaft\/\" \/>\n<meta property=\"og:site_name\" content=\"F\u00f6rderverein Schlossberg-Schule\" \/>\n<meta property=\"article:modified_time\" content=\"2021-11-23T14:51:31+00:00\" \/>\n<meta name=\"twitter:card\" content=\"summary_large_image\" \/>\n<meta name=\"twitter:label1\" content=\"Gesch\u00e4tzte Lesezeit\" \/>\n\t<meta name=\"twitter:data1\" content=\"1\u00a0Minute\" \/>\n<script type=\"application\/ld+json\" class=\"yoast-schema-graph\">{\"@context\":\"https:\\\/\\\/schema.org\",\"@graph\":[{\"@type\":\"WebPage\",\"@id\":\"https:\\\/\\\/foerderverein-schlossbergschule.de\\\/index.php\\\/mitgliedschaft\\\/\",\"url\":\"https:\\\/\\\/foerderverein-schlossbergschule.de\\\/index.php\\\/mitgliedschaft\\\/\",\"name\":\"Mitgliedschaft - F\u00f6rderverein Schlossberg-Schule\",\"isPartOf\":{\"@id\":\"https:\\\/\\\/foerderverein-schlossbergschule.de\\\/#website\"},\"datePublished\":\"2021-10-01T10:02:32+00:00\",\"dateModified\":\"2021-11-23T14:51:31+00:00\",\"breadcrumb\":{\"@id\":\"https:\\\/\\\/foerderverein-schlossbergschule.de\\\/index.php\\\/mitgliedschaft\\\/#breadcrumb\"},\"inLanguage\":\"de\",\"potentialAction\":[{\"@type\":\"ReadAction\",\"target\":[\"https:\\\/\\\/foerderverein-schlossbergschule.de\\\/index.php\\\/mitgliedschaft\\\/\"]}]},{\"@type\":\"BreadcrumbList\",\"@id\":\"https:\\\/\\\/foerderverein-schlossbergschule.de\\\/index.php\\\/mitgliedschaft\\\/#breadcrumb\",\"itemListElement\":[{\"@type\":\"ListItem\",\"position\":1,\"name\":\"Startseite\",\"item\":\"https:\\\/\\\/foerderverein-schlossbergschule.de\\\/\"},{\"@type\":\"ListItem\",\"position\":2,\"name\":\"Mitgliedschaft\"}]},{\"@type\":\"WebSite\",\"@id\":\"https:\\\/\\\/foerderverein-schlossbergschule.de\\\/#website\",\"url\":\"https:\\\/\\\/foerderverein-schlossbergschule.de\\\/\",\"name\":\"F\u00f6rderverein Schlossberg-Schule\",\"description\":\"Es braucht ein ganzes Dorf, um ein Kind zu erziehen!\",\"publisher\":{\"@id\":\"https:\\\/\\\/foerderverein-schlossbergschule.de\\\/#organization\"},\"potentialAction\":[{\"@type\":\"SearchAction\",\"target\":{\"@type\":\"EntryPoint\",\"urlTemplate\":\"https:\\\/\\\/foerderverein-schlossbergschule.de\\\/?s={search_term_string}\"},\"query-input\":{\"@type\":\"PropertyValueSpecification\",\"valueRequired\":true,\"valueName\":\"search_term_string\"}}],\"inLanguage\":\"de\"},{\"@type\":\"Organization\",\"@id\":\"https:\\\/\\\/foerderverein-schlossbergschule.de\\\/#organization\",\"name\":\"F\u00f6rderverein Schlossberg-Schule\",\"url\":\"https:\\\/\\\/foerderverein-schlossbergschule.de\\\/\",\"logo\":{\"@type\":\"ImageObject\",\"inLanguage\":\"de\",\"@id\":\"https:\\\/\\\/foerderverein-schlossbergschule.de\\\/#\\\/schema\\\/logo\\\/image\\\/\",\"url\":\"https:\\\/\\\/foerderverein-schlossbergschule.de\\\/wp-content\\\/uploads\\\/2021\\\/06\\\/cropped-cropped-Logo-1.jpg\",\"contentUrl\":\"https:\\\/\\\/foerderverein-schlossbergschule.de\\\/wp-content\\\/uploads\\\/2021\\\/06\\\/cropped-cropped-Logo-1.jpg\",\"width\":1563,\"height\":1529,\"caption\":\"F\u00f6rderverein Schlossberg-Schule\"},\"image\":{\"@id\":\"https:\\\/\\\/foerderverein-schlossbergschule.de\\\/#\\\/schema\\\/logo\\\/image\\\/\"}}]}<\/script>\n<!-- \/ Yoast SEO plugin. -->","yoast_head_json":{"title":"Mitgliedschaft - F\u00f6rderverein Schlossberg-Schule","robots":{"index":"index","follow":"follow","max-snippet":"max-snippet:-1","max-image-preview":"max-image-preview:large","max-video-preview":"max-video-preview:-1"},"canonical":"https:\/\/foerderverein-schlossbergschule.de\/index.php\/mitgliedschaft\/","og_locale":"de_DE","og_type":"article","og_title":"Mitgliedschaft - F\u00f6rderverein Schlossberg-Schule","og_description":"Es braucht ein ganzes Dorf, um ein Kind zu erziehen! Sei dabei! Wir freuen uns sehr dar\u00fcber, dass Du Teil&hellip;","og_url":"https:\/\/foerderverein-schlossbergschule.de\/index.php\/mitgliedschaft\/","og_site_name":"F\u00f6rderverein Schlossberg-Schule","article_modified_time":"2021-11-23T14:51:31+00:00","twitter_card":"summary_large_image","twitter_misc":{"Gesch\u00e4tzte Lesezeit":"1\u00a0Minute"},"schema":{"@context":"https:\/\/schema.org","@graph":[{"@type":"WebPage","@id":"https:\/\/foerderverein-schlossbergschule.de\/index.php\/mitgliedschaft\/","url":"https:\/\/foerderverein-schlossbergschule.de\/index.php\/mitgliedschaft\/","name":"Mitgliedschaft - F\u00f6rderverein Schlossberg-Schule","isPartOf":{"@id":"https:\/\/foerderverein-schlossbergschule.de\/#website"},"datePublished":"2021-10-01T10:02:32+00:00","dateModified":"2021-11-23T14:51:31+00:00","breadcrumb":{"@id":"https:\/\/foerderverein-schlossbergschule.de\/index.php\/mitgliedschaft\/#breadcrumb"},"inLanguage":"de","potentialAction":[{"@type":"ReadAction","target":["https:\/\/foerderverein-schlossbergschule.de\/index.php\/mitgliedschaft\/"]}]},{"@type":"BreadcrumbList","@id":"https:\/\/foerderverein-schlossbergschule.de\/index.php\/mitgliedschaft\/#breadcrumb","itemListElement":[{"@type":"ListItem","position":1,"name":"Startseite","item":"https:\/\/foerderverein-schlossbergschule.de\/"},{"@type":"ListItem","position":2,"name":"Mitgliedschaft"}]},{"@type":"WebSite","@id":"https:\/\/foerderverein-schlossbergschule.de\/#website","url":"https:\/\/foerderverein-schlossbergschule.de\/","name":"F\u00f6rderverein Schlossberg-Schule","description":"Es braucht ein ganzes Dorf, um ein Kind zu erziehen!","publisher":{"@id":"https:\/\/foerderverein-schlossbergschule.de\/#organization"},"potentialAction":[{"@type":"SearchAction","target":{"@type":"EntryPoint","urlTemplate":"https:\/\/foerderverein-schlossbergschule.de\/?s={search_term_string}"},"query-input":{"@type":"PropertyValueSpecification","valueRequired":true,"valueName":"search_term_string"}}],"inLanguage":"de"},{"@type":"Organization","@id":"https:\/\/foerderverein-schlossbergschule.de\/#organization","name":"F\u00f6rderverein Schlossberg-Schule","url":"https:\/\/foerderverein-schlossbergschule.de\/","logo":{"@type":"ImageObject","inLanguage":"de","@id":"https:\/\/foerderverein-schlossbergschule.de\/#\/schema\/logo\/image\/","url":"https:\/\/foerderverein-schlossbergschule.de\/wp-content\/uploads\/2021\/06\/cropped-cropped-Logo-1.jpg","contentUrl":"https:\/\/foerderverein-schlossbergschule.de\/wp-content\/uploads\/2021\/06\/cropped-cropped-Logo-1.jpg","width":1563,"height":1529,"caption":"F\u00f6rderverein Schlossberg-Schule"},"image":{"@id":"https:\/\/foerderverein-schlossbergschule.de\/#\/schema\/logo\/image\/"}}]}},"jetpack_sharing_enabled":true,"_links":{"self":[{"href":"https:\/\/foerderverein-schlossbergschule.de\/index.php\/wp-json\/wp\/v2\/pages\/37","targetHints":{"allow":["GET"]}}],"collection":[{"href":"https:\/\/foerderverein-schlossbergschule.de\/index.php\/wp-json\/wp\/v2\/pages"}],"about":[{"href":"https:\/\/foerderverein-schlossbergschule.de\/index.php\/wp-json\/wp\/v2\/types\/page"}],"author":[{"embeddable":true,"href":"https:\/\/foerderverein-schlossbergschule.de\/index.php\/wp-json\/wp\/v2\/users\/3"}],"replies":[{"embeddable":true,"href":"https:\/\/foerderverein-schlossbergschule.de\/index.php\/wp-json\/wp\/v2\/comments?post=37"}],"version-history":[{"count":24,"href":"https:\/\/foerderverein-schlossbergschule.de\/index.php\/wp-json\/wp\/v2\/pages\/37\/revisions"}],"predecessor-version":[{"id":237,"href":"https:\/\/foerderverein-schlossbergschule.de\/index.php\/wp-json\/wp\/v2\/pages\/37\/revisions\/237"}],"wp:attachment":[{"href":"https:\/\/foerderverein-schlossbergschule.de\/index.php\/wp-json\/wp\/v2\/media?parent=37"}],"curies":[{"name":"wp","href":"https:\/\/api.w.org\/{rel}","templated":true}]}}